{"id":167,"date":"2025-05-16T12:29:50","date_gmt":"2025-05-16T10:29:50","guid":{"rendered":"http:\/\/studis.bergbau-seelitz.de\/?page_id=167"},"modified":"2025-08-20T14:59:58","modified_gmt":"2025-08-20T12:59:58","slug":"startseite","status":"publish","type":"page","link":"https:\/\/bergbau-seelitz.de\/","title":{"rendered":"Startseite"},"content":{"rendered":"<div class=\"wp-block-image\">\n<figure class=\"aligncenter size-full\"><img loading=\"lazy\" decoding=\"async\" width=\"1022\" height=\"767\" src=\"http:\/\/studis.bergbau-seelitz.de\/wp-content\/uploads\/2025\/05\/P1010443-klein.jpg\" alt=\"\" class=\"wp-image-187\" srcset=\"https:\/\/bergbau-seelitz.de\/wp-content\/uploads\/2025\/05\/P1010443-klein.jpg 1022w, https:\/\/bergbau-seelitz.de\/wp-content\/uploads\/2025\/05\/P1010443-klein-300x225.jpg 300w, https:\/\/bergbau-seelitz.de\/wp-content\/uploads\/2025\/05\/P1010443-klein-768x576.jpg 768w\" sizes=\"auto, (max-width: 1022px) 100vw, 1022px\" \/><\/figure><\/div>\n\n\n<p class=\"has-text-align-center\"><em>Bergaufzug zum 550. Geburtstag Seelitzer Bergbau<\/em><\/p>\n\n\n\n<p>Rochlitz war einst als \u201ealte Bergstadt\u201c ber\u00fchmt, abgebaut wurden Erze, Kohlen und Edelsteine. Die Bergwerke lagen dabei ringsum verstreut und das Zentrum war bei Seelitz. Wie auch die einst gr\u00f6\u00dfte und wichtigste Silbergrube am Seelitzer \u201eVogelsang\u201c, wo Johannes Mathesius (geboren in Rochlitz, Freund und Biograf Luthers sowie Prediger in St. Joachimsthal, wo 1520 die ersten Thaler gepr\u00e4gt wurden) das Handwerk des Bergmanns erlernt hat. Die Grube wurde 1468 erstmals erw\u00e4hnt und taucht in alten Chroniken best\u00e4ndig auf. 1564 erlosch dort der Bergbau und 1904 hat man das Gel\u00e4nde eingeebnet und das Mundloch verschlossen. Dann wurde das Bergwerk vergessen, nur einige Forscher wussten davon. Sie haben 2007 in der Gemeinde vorgesprochen und gebeten, dass diese Geschichte erkundet und wieder erlebbar wird. Die Gemeinde hat das unterst\u00fctzt und einen Aufruf gestartet. Im April hat sich dann bereits eine Arbeitsgruppe gebildet, sie hat einen Vereinsraum im Gemeindeamt erhalten und auch finanzielle Unterst\u00fctzung. Seitdem besteht eine feste und vertrauensvolle Zusammenarbeit. 2009 hat der Verein sich gegr\u00fcndet, da mittels Bagger das Mundloch <a href=\"https:\/\/bergbau-seelitz.de\/?page_id=9\" data-type=\"page\" data-id=\"9\">des alten \u201eSt. Johannes&#8220;<\/a> gesucht werden sollte (Pachtvertrag, Versicherung). Die Gemeinde hat den Verein immer unterst\u00fctzt, so auch mit einer Vorfinanzierung bei der ersten Sanierung des Mundlochbereichs mit F\u00f6rdermitteln 2011. Die Gemeinde steht als Nachfolger des Vereins bei Aufl\u00f6sung in der Satzung und ist auch Mitunterzeichner des Pachtvertrages am \u201eVogelsang\u201c. Der Verein steht der Gemeinde bei Veranstaltungen mit kultureller Umrahmung zur Verf\u00fcgung, bietet F\u00fchrungen auf Nachfrage und zu festen Terminen an, betreibt Traditionspflege mit der j\u00e4hrlichen \u201eMettenschicht\u201c vor Weihnachten.<\/p>\n\n\n\n<p>Hunderte Besucher j\u00e4hrlich zeigen sich begeistert vom Bergwerk und den Leistungen des Vereins, besonders seit in tausenden Ehrenamtsstunden bereits fast 2.000 Schubkarren Schlamm und taubes Gestein ausgef\u00f6rdert wurden. Damit wird der Stolln Meter f\u00fcr Meter \u201ebefahrbar\u201c gemacht, notwendige Sicherungsma\u00dfnahmen waren immer wieder n\u00f6tig.<\/p>\n\n\n\n<p class=\"has-text-align-left\">Das Bergwerk ist nat\u00fcrlich besonders im Gemeindegebiet f\u00fcr die B\u00fcrger ein wertvoller Ort der Heimatgeschichte und auch f\u00fcr Touristen ein Anziehungspunkt.&nbsp;<\/p>\n\n\n\n<p class=\"has-text-align-center\"><a href=\"https:\/\/bergbau-seelitz.de\/?page_id=183\" data-type=\"page\" data-id=\"183\">Kontakt<\/a><\/p>\n\n\n\n<p class=\"has-text-align-center\"><a href=\"https:\/\/bergbau-seelitz.de\/?page_id=11\" data-type=\"page\" data-id=\"11\">unsere Angebote<\/a><\/p>\n\n\n\n<p><\/p>\n","protected":false},"excerpt":{"rendered":"<p>Bergaufzug zum 550. Geburtstag Seelitzer Bergbau Rochlitz war einst als \u201ealte Bergstadt\u201c ber\u00fchmt, abgebaut wurden Erze, Kohlen und Edelsteine. Die Bergwerke lagen dabei ringsum verstreut und das Zentrum war bei Seelitz. Wie auch die einst gr\u00f6\u00dfte und wichtigste Silbergrube am Seelitzer \u201eVogelsang\u201c, wo Johannes Mathesius (geboren in Rochlitz, Freund und Biograf Luthers sowie Prediger in [&hellip;]<\/p>\n","protected":false},"author":1,"featured_media":0,"parent":0,"menu_order":0,"comment_status":"closed","ping_status":"closed","template":"","meta":{"footnotes":""},"class_list":["post-167","page","type-page","status-publish","hentry"],"_links":{"self":[{"href":"https:\/\/bergbau-seelitz.de\/index.php?rest_route=\/wp\/v2\/pages\/167","targetHints":{"allow":["GET"]}}],"collection":[{"href":"https:\/\/bergbau-seelitz.de\/index.php?rest_route=\/wp\/v2\/pages"}],"about":[{"href":"https:\/\/bergbau-seelitz.de\/index.php?rest_route=\/wp\/v2\/types\/page"}],"author":[{"embeddable":true,"href":"https:\/\/bergbau-seelitz.de\/index.php?rest_route=\/wp\/v2\/users\/1"}],"replies":[{"embeddable":true,"href":"https:\/\/bergbau-seelitz.de\/index.php?rest_route=%2Fwp%2Fv2%2Fcomments&post=167"}],"version-history":[{"count":10,"href":"https:\/\/bergbau-seelitz.de\/index.php?rest_route=\/wp\/v2\/pages\/167\/revisions"}],"predecessor-version":[{"id":1592,"href":"https:\/\/bergbau-seelitz.de\/index.php?rest_route=\/wp\/v2\/pages\/167\/revisions\/1592"}],"wp:attachment":[{"href":"https:\/\/bergbau-seelitz.de\/index.php?rest_route=%2Fwp%2Fv2%2Fmedia&parent=167"}],"curies":[{"name":"wp","href":"https:\/\/api.w.org\/{rel}","templated":true}]}}