{"id":183,"date":"2025-05-16T13:01:24","date_gmt":"2025-05-16T11:01:24","guid":{"rendered":"http:\/\/studis.bergbau-seelitz.de\/?page_id=183"},"modified":"2025-09-04T21:07:21","modified_gmt":"2025-09-04T19:07:21","slug":"impressum","status":"publish","type":"page","link":"https:\/\/bergbau-seelitz.de\/?page_id=183","title":{"rendered":"Kontakt"},"content":{"rendered":"\n<h4 class=\"wp-block-heading has-text-align-center\">Kontakt zum Verein<\/h4>\n\n\n\n<p class=\"has-text-align-center\">Holger Quellmalz<\/p>\n\n\n\n<p class=\"has-text-align-center\">E-Mail:&nbsp;<strong><a href=\"mailto:buero@bergbau-seelitz.de\">buero@bergbau-seelitz.de<\/a><\/strong><\/p>\n\n\n\n<p class=\"has-text-align-center\">Tel.: +49 (0) 3737 46 95 40<em><br>(privater Anschluss)<\/em><\/p>\n\n\n\n<hr class=\"wp-block-separator has-alpha-channel-opacity\"\/>\n\n\n\n<div class=\"wp-block-media-text has-media-on-the-right is-stacked-on-mobile\" style=\"grid-template-columns:auto 40%\"><div class=\"wp-block-media-text__content\">\n<h3 class=\"wp-block-heading\">Anreise zum Stollen<\/h3>\n\n\n\n<p>Nutzen Sie f\u00fcr Veranstaltungen vor Ort am besten den Parkplatz an der Kirche in Seelitz. Von dort l\u00e4uft man 15 min bis zum alten St. Johannes Stolln.<\/p>\n<\/div><figure class=\"wp-block-media-text__media\"><img loading=\"lazy\" decoding=\"async\" width=\"657\" height=\"447\" src=\"https:\/\/bergbau-seelitz.de\/wp-content\/uploads\/2025\/07\/Karte-1.png\" alt=\"\" class=\"wp-image-1446 size-full\" srcset=\"https:\/\/bergbau-seelitz.de\/wp-content\/uploads\/2025\/07\/Karte-1.png 657w, https:\/\/bergbau-seelitz.de\/wp-content\/uploads\/2025\/07\/Karte-1-300x204.png 300w\" sizes=\"auto, (max-width: 657px) 100vw, 657px\" \/><\/figure><\/div>\n\n\n\n<hr class=\"wp-block-separator has-alpha-channel-opacity\"\/>\n\n\n\n<p><\/p>\n\n\n\n<h4 class=\"wp-block-heading has-text-align-center\">F\u00f6rderung<\/h4>\n\n\n\n<p><\/p>\n\n\n<div class=\"wp-block-image\">\n<figure class=\"aligncenter size-medium is-resized\"><img loading=\"lazy\" decoding=\"async\" width=\"300\" height=\"162\" src=\"https:\/\/bergbau-seelitz.de\/wp-content\/uploads\/2025\/07\/logoSimulKreativWettbewerb-300x162.png\" alt=\"\" class=\"wp-image-1548\" style=\"width:auto;height:100px\" srcset=\"https:\/\/bergbau-seelitz.de\/wp-content\/uploads\/2025\/07\/logoSimulKreativWettbewerb-300x162.png 300w, https:\/\/bergbau-seelitz.de\/wp-content\/uploads\/2025\/07\/logoSimulKreativWettbewerb-768x415.png 768w, https:\/\/bergbau-seelitz.de\/wp-content\/uploads\/2025\/07\/logoSimulKreativWettbewerb.png 1000w\" sizes=\"auto, (max-width: 300px) 100vw, 300px\" \/><\/figure><\/div>\n\n\n<p class=\"has-text-align-center\"><a href=\"https:\/\/www.simulplus-wettbewerb.de\/de\/\" target=\"_blank\" rel=\"noreferrer noopener\">simulplus-wettbewerb.de<\/a><\/p>\n\n\n\n<p><\/p>\n\n\n\n<div class=\"wp-block-columns is-layout-flex wp-container-core-columns-is-layout-9d6595d7 wp-block-columns-is-layout-flex\">\n<div class=\"wp-block-column is-vertically-aligned-top is-layout-flow wp-block-column-is-layout-flow\" style=\"flex-basis:50%\"><div class=\"wp-block-image\">\n<figure class=\"aligncenter size-medium is-resized\"><img loading=\"lazy\" decoding=\"async\" width=\"209\" height=\"300\" src=\"https:\/\/bergbau-seelitz.de\/wp-content\/uploads\/2025\/07\/LogoSaechsischesStaatsministeriumFuerInfrastrukturUndLandesentwicklung-209x300.png\" alt=\"\" class=\"wp-image-1546\" style=\"width:auto;height:100px\" srcset=\"https:\/\/bergbau-seelitz.de\/wp-content\/uploads\/2025\/07\/LogoSaechsischesStaatsministeriumFuerInfrastrukturUndLandesentwicklung-209x300.png 209w, https:\/\/bergbau-seelitz.de\/wp-content\/uploads\/2025\/07\/LogoSaechsischesStaatsministeriumFuerInfrastrukturUndLandesentwicklung-713x1024.png 713w, https:\/\/bergbau-seelitz.de\/wp-content\/uploads\/2025\/07\/LogoSaechsischesStaatsministeriumFuerInfrastrukturUndLandesentwicklung-768x1104.png 768w, https:\/\/bergbau-seelitz.de\/wp-content\/uploads\/2025\/07\/LogoSaechsischesStaatsministeriumFuerInfrastrukturUndLandesentwicklung.png 888w\" sizes=\"auto, (max-width: 209px) 100vw, 209px\" \/><\/figure><\/div>\n\n\n<p>S\u00e4chsisches Staatsministerium f\u00fcr Infrastruktur und Landesentwicklung<\/p>\n\n\n\n<p>Diese Ma\u00dfnahme wird mitfinanziert durch Steuermittel auf der Grundlage des vom S\u00e4chsischen Landtag beschlossenen Haushaltes.<\/p>\n<\/div>\n\n\n\n<div class=\"wp-block-column is-vertically-aligned-top is-layout-flow wp-block-column-is-layout-flow\" style=\"flex-basis:50%\"><div class=\"wp-block-image\">\n<figure class=\"aligncenter is-resized\"><img loading=\"lazy\" decoding=\"async\" width=\"87\" height=\"87\" src=\"https:\/\/bergbau-seelitz.de\/wp-content\/uploads\/2025\/07\/logo-landeskuratorium-laendlicher-raum-ev.png\" alt=\"\" class=\"wp-image-1547\" style=\"width:auto;height:100px\"\/><\/figure><\/div>\n\n\n<p>Ein Projekt des S\u00e4chsischen Landeskuratorium L\u00e4ndlicher Raum e.V., Kurze Stra\u00dfe 8, 01920 Nebelsch\u00fctz OT Miltitz<\/p>\n<\/div>\n<\/div>\n\n\n\n<p><\/p>\n\n\n\n<hr class=\"wp-block-separator has-alpha-channel-opacity\"\/>\n\n\n\n<p><\/p>\n\n\n\n<h4 class=\"wp-block-heading has-text-align-center\">Projekt: <a href=\"https:\/\/bergbau-seelitz.de\/?page_id=469\" data-type=\"page\" data-id=\"469\">Zeitreise 3D &#8211; ab ins Bergwerk!<\/a><\/h4>\n\n\n\n<p>Kontakt zur Hochschule Mittweida f\u00fcr \u00e4hnliche Projekte:<\/p>\n\n\n\n<ul class=\"wp-block-list\">\n<li><strong>Fakult\u00e4t Angewandte Computer\u2010 und Bio\u00adwissen\u00adschaften<\/strong>\n<ul class=\"wp-block-list\">\n<li>Prof. Dr.-Ing. Philipp Klimant \u2013 Virtuelle Technologien\n<ul class=\"wp-block-list\">\n<li>\u2706 +49 (0) 3727 58-1044<\/li>\n\n\n\n<li><a href=\"mailto:philipp.klimant@hs-mittweida.de\">philipp.klimant@hs-mittweida.de<\/a><\/li>\n<\/ul>\n<\/li>\n\n\n\n<li>Prof. Dr.-Ing. Christian Roschke \u2013 Digitale Transformation und Angewandte Medieninformatik\n<ul class=\"wp-block-list\">\n<li>\u2706 +49 (0) 3727 58-2246<\/li>\n\n\n\n<li><a href=\"mailto:christian.roschke@hs-mittweida.de\">christian.roschke@hs-mittweida.de<\/a><\/li>\n<\/ul>\n<\/li>\n<\/ul>\n<\/li>\n<\/ul>\n\n\n\n<p><\/p>\n","protected":false},"excerpt":{"rendered":"<p>Kontakt zum Verein Holger Quellmalz E-Mail:&nbsp;buero@bergbau-seelitz.de Tel.: +49 (0) 3737 46 95 40(privater Anschluss) Anreise zum Stollen Nutzen Sie f\u00fcr Veranstaltungen vor Ort am besten den Parkplatz an der Kirche in Seelitz. Von dort l\u00e4uft man 15 min bis zum alten St. Johannes Stolln. F\u00f6rderung simulplus-wettbewerb.de S\u00e4chsisches Staatsministerium f\u00fcr Infrastruktur und Landesentwicklung Diese Ma\u00dfnahme wird [&hellip;]<\/p>\n","protected":false},"author":1,"featured_media":0,"parent":0,"menu_order":0,"comment_status":"closed","ping_status":"closed","template":"","meta":{"footnotes":""},"class_list":["post-183","page","type-page","status-publish","hentry"],"_links":{"self":[{"href":"https:\/\/bergbau-seelitz.de\/index.php?rest_route=\/wp\/v2\/pages\/183","targetHints":{"allow":["GET"]}}],"collection":[{"href":"https:\/\/bergbau-seelitz.de\/index.php?rest_route=\/wp\/v2\/pages"}],"about":[{"href":"https:\/\/bergbau-seelitz.de\/index.php?rest_route=\/wp\/v2\/types\/page"}],"author":[{"embeddable":true,"href":"https:\/\/bergbau-seelitz.de\/index.php?rest_route=\/wp\/v2\/users\/1"}],"replies":[{"embeddable":true,"href":"https:\/\/bergbau-seelitz.de\/index.php?rest_route=%2Fwp%2Fv2%2Fcomments&post=183"}],"version-history":[{"count":10,"href":"https:\/\/bergbau-seelitz.de\/index.php?rest_route=\/wp\/v2\/pages\/183\/revisions"}],"predecessor-version":[{"id":1848,"href":"https:\/\/bergbau-seelitz.de\/index.php?rest_route=\/wp\/v2\/pages\/183\/revisions\/1848"}],"wp:attachment":[{"href":"https:\/\/bergbau-seelitz.de\/index.php?rest_route=%2Fwp%2Fv2%2Fmedia&parent=183"}],"curies":[{"name":"wp","href":"https:\/\/api.w.org\/{rel}","templated":true}]}}