{"id":388,"date":"2025-06-19T23:12:24","date_gmt":"2025-06-19T21:12:24","guid":{"rendered":"http:\/\/studis.bergbau-seelitz.de\/?page_id=388"},"modified":"2025-08-20T14:57:08","modified_gmt":"2025-08-20T12:57:08","slug":"vom-thaler-zum-dollar","status":"publish","type":"page","link":"https:\/\/bergbau-seelitz.de\/?page_id=388","title":{"rendered":"Vom Thaler zum Dollar"},"content":{"rendered":"\n<p><strong>Was hat der Seelitzer Bergbau mit der wichtigsten Weltw\u00e4hrung zu tun?<\/strong><\/p>\n\n\n\n<p>Als 1516 der Bergbau am Seelitzer \u201eVogelsang\u201c wieder aufgenommen wurde und der Vater von Johannes Mathesius sich hier beteiligte, blieb der gro\u00dfe Erfolg leider aus und die Bergleute wanderten Richtung St. Joachimsthal im b\u00f6hmischen Erzgebirge ab.<\/p>\n\n\n\n<p><\/p>\n\n\n<div class=\"wp-block-image\">\n<figure class=\"aligncenter size-full\"><img loading=\"lazy\" decoding=\"async\" width=\"606\" height=\"456\" src=\"https:\/\/bergbau-seelitz.de\/wp-content\/uploads\/2025\/06\/taller_dolar1.jpg\" alt=\"\" class=\"wp-image-389\" srcset=\"https:\/\/bergbau-seelitz.de\/wp-content\/uploads\/2025\/06\/taller_dolar1.jpg 606w, https:\/\/bergbau-seelitz.de\/wp-content\/uploads\/2025\/06\/taller_dolar1-300x226.jpg 300w\" sizes=\"auto, (max-width: 606px) 100vw, 606px\" \/><\/figure><\/div>\n\n\n<p class=\"has-text-align-center\"><em>Collage zu Johannes Mathesius<\/em><\/p>\n\n\n\n<p> Dort hatte man im gleichen Jahr bedeutende Silberfunde gemacht, woraufhin die Stadt schnell zur zweitgr\u00f6\u00dften Metropole nach Prag wurde. Bereits 1519 begann man mit der Pr\u00e4gung einer Silberm\u00fcnze, die schnell ber\u00fchmt wurde und deren Namen sp\u00e4ter auch f\u00fcr den Dollar Pate stand: Der \u201eThaler\u201c! Johannes Mathesius, geboren in Rochlitz, Freund und Biograf Luthers, auch Mineralienforscher an der Seite von Georgius Agricola, erlernte in der Grube am Vogelsang das Handwerk eines Bergmanns und unterst\u00fctzte als Jugendlicher die Buchf\u00fchrung. Nach finanziellen Schwierigkeiten in der Familie und dem Tod des Vaters verlie\u00df er die Heimat, strebte fortan immer nach hoher Bildung und besuchte verschiedene Universit\u00e4ten. Er kam 1532 als Rektor der Lateinschule nach St. Joachimsthal und wurde sp\u00e4ter Pfarrer und Prediger, verfasste 1562 mit seiner \u201eSarepta\u201c ein ber\u00fchmtes Werk mit 16 Bergpredigten, 10 heute noch hochaktuellen Geboten und Forschungen zu Bergbautechnik und -kultur. Er sprach als ihr Pfarrer die Sprache der Bergleute und wurde ein v\u00e4terlicher Freund dort, wo einst der Thaler gepr\u00e4gt wurde. Zu dieser Zeit war die Stadt Rochlitz als \u201ealte Bergstadt\u201c ber\u00fchmt. Am Seelitzer Vogelsang nahm man Mitte des 16.Jahrhunderts den Abbau wieder auf und lie\u00df eine Wasserkunst einbauen. In unserer Zeit war das beinahe vergessen! Im Jahr 2009 haben wir das Mundloch dieses einst so ber\u00fchmten Bergwerks wiedergefunden und sp\u00e4ter saniert.<\/p>\n\n\n\n<div class=\"wp-block-columns is-layout-flex wp-container-core-columns-is-layout-9d6595d7 wp-block-columns-is-layout-flex\">\n<div class=\"wp-block-column is-vertically-aligned-center is-layout-flow wp-block-column-is-layout-flow\">\n<p>Die Aufw\u00e4ltigung des Stollns in tausenden Ehrenamtsstunden hat selbst die Freiberger Fachwelt in Erstaunen versetzt, ist doch die alte Radstube noch erhalten und das Bergwerk zeigt auf engem Raum eine unglaubliche Vielfalt an technischen Ausbauten und original erhaltenen Spuren der Silbergewinnung vor \u00fcber 450 Jahren.<\/p>\n<\/div>\n\n\n\n<div class=\"wp-block-column is-layout-flow wp-block-column-is-layout-flow\">\n<figure class=\"wp-block-image size-large\"><img loading=\"lazy\" decoding=\"async\" width=\"1024\" height=\"769\" src=\"https:\/\/bergbau-seelitz.de\/wp-content\/uploads\/2025\/06\/taller_dolar2-1024x769.jpg\" alt=\"\" class=\"wp-image-390\" srcset=\"https:\/\/bergbau-seelitz.de\/wp-content\/uploads\/2025\/06\/taller_dolar2-1024x769.jpg 1024w, https:\/\/bergbau-seelitz.de\/wp-content\/uploads\/2025\/06\/taller_dolar2-300x225.jpg 300w, https:\/\/bergbau-seelitz.de\/wp-content\/uploads\/2025\/06\/taller_dolar2-768x576.jpg 768w, https:\/\/bergbau-seelitz.de\/wp-content\/uploads\/2025\/06\/taller_dolar2.jpg 1375w\" sizes=\"auto, (max-width: 1024px) 100vw, 1024px\" \/><\/figure>\n\n\n\n<p><em>Original der \u201eSarepta\u201c mit einem St\u00fcck Silbererz vom Seelitzer \u201eVogelsang\u201c<\/em><\/p>\n<\/div>\n<\/div>\n","protected":false},"excerpt":{"rendered":"<p>Was hat der Seelitzer Bergbau mit der wichtigsten Weltw\u00e4hrung zu tun? Als 1516 der Bergbau am Seelitzer \u201eVogelsang\u201c wieder aufgenommen wurde und der Vater von Johannes Mathesius sich hier beteiligte, blieb der gro\u00dfe Erfolg leider aus und die Bergleute wanderten Richtung St. Joachimsthal im b\u00f6hmischen Erzgebirge ab. Collage zu Johannes Mathesius Dort hatte man im [&hellip;]<\/p>\n","protected":false},"author":1,"featured_media":0,"parent":928,"menu_order":0,"comment_status":"closed","ping_status":"closed","template":"","meta":{"footnotes":""},"class_list":["post-388","page","type-page","status-publish","hentry"],"_links":{"self":[{"href":"https:\/\/bergbau-seelitz.de\/index.php?rest_route=\/wp\/v2\/pages\/388","targetHints":{"allow":["GET"]}}],"collection":[{"href":"https:\/\/bergbau-seelitz.de\/index.php?rest_route=\/wp\/v2\/pages"}],"about":[{"href":"https:\/\/bergbau-seelitz.de\/index.php?rest_route=\/wp\/v2\/types\/page"}],"author":[{"embeddable":true,"href":"https:\/\/bergbau-seelitz.de\/index.php?rest_route=\/wp\/v2\/users\/1"}],"replies":[{"embeddable":true,"href":"https:\/\/bergbau-seelitz.de\/index.php?rest_route=%2Fwp%2Fv2%2Fcomments&post=388"}],"version-history":[{"count":8,"href":"https:\/\/bergbau-seelitz.de\/index.php?rest_route=\/wp\/v2\/pages\/388\/revisions"}],"predecessor-version":[{"id":1589,"href":"https:\/\/bergbau-seelitz.de\/index.php?rest_route=\/wp\/v2\/pages\/388\/revisions\/1589"}],"up":[{"embeddable":true,"href":"https:\/\/bergbau-seelitz.de\/index.php?rest_route=\/wp\/v2\/pages\/928"}],"wp:attachment":[{"href":"https:\/\/bergbau-seelitz.de\/index.php?rest_route=%2Fwp%2Fv2%2Fmedia&parent=388"}],"curies":[{"name":"wp","href":"https:\/\/api.w.org\/{rel}","templated":true}]}}