{"id":75,"date":"2025-05-04T14:37:50","date_gmt":"2025-05-04T12:37:50","guid":{"rendered":"http:\/\/studis.bergbau-seelitz.de\/?page_id=75"},"modified":"2025-08-20T14:56:52","modified_gmt":"2025-08-20T12:56:52","slug":"steinkohlen-vorkommen-auf-rochlitzer-flur","status":"publish","type":"page","link":"https:\/\/bergbau-seelitz.de\/?page_id=75","title":{"rendered":"Steinkohlen-Vorkommen auf Rochlitzer Flur"},"content":{"rendered":"\n<p>Das Vorhandensein von Steinkohle in unserem Gebiet, wenn es auch nie von Bedeutung war, ist schon seit langer Zeit nachgewiesen.<\/p>\n\n\n\n<p>Der erste Bericht, in dem dies Erw\u00e4hnung findet, datiert 1798. Im Einzelnen sind im Bergarchiv Freiberg, Bestand 40181, in folgenden Archivaliensignaturen Ausf\u00fchrungen dazu gemacht:<\/p>\n\n\n\n<ul class=\"wp-block-list\">\n<li>1798&nbsp;W. G. E. Becker: \u201eGeognostische Beobachtungen in den Gegenden von \u2026 141640 Rochlitz \u2026zur Auffindung dort vorkommenden Torfs, Steinkohlen und brennbarer Fossilien\u201c&nbsp;Nr. 324<\/li>\n\n\n\n<li>1792 \u2013 1797&nbsp;\u201eDie Aufsuchung der Steinkohlenfl\u00f6ze hiesiger Lande\u201c, darin \u201eInstruktionen zur Untersuchung der Gegend von \u2026 141640 Rochlitz \u2026\u201cFilm 00476<\/li>\n\n\n\n<li>1762 \u2013 1763&nbsp;\u201eHolz und Feuerung, in specie das Surrogatum von Stein- und Erdkohlen sowie Torf\u201c, darin \u201eNachweis der in Kursachsen befindlichen Lagerst\u00e4tten von Steinkohle \u2026 Rochlitz \u2026\u201c&nbsp;Nr. 157<\/li>\n\n\n\n<li>1855 \u2013 1857&nbsp;\u201eDie Untersuchung verschiedener Steinkohlengebirge 30.4\u201c, darin \u201eAnzeigen und Berichte sowie geologische und geognostische Gutachten \u00fcber das Vorkommen von Steinkohle bei \u2026 141640 Rochlitz \u2026&nbsp;Film 00371<\/li>\n<\/ul>\n\n\n<div class=\"wp-block-image\">\n<figure class=\"aligncenter size-full\"><img loading=\"lazy\" decoding=\"async\" width=\"639\" height=\"507\" src=\"https:\/\/bergbau-seelitz.de\/wp-content\/uploads\/2025\/07\/Aktie_Steinkohlenbau-Verein_Rochlitz_1855.jpg\" alt=\"\" class=\"wp-image-1349\" srcset=\"https:\/\/bergbau-seelitz.de\/wp-content\/uploads\/2025\/07\/Aktie_Steinkohlenbau-Verein_Rochlitz_1855.jpg 639w, https:\/\/bergbau-seelitz.de\/wp-content\/uploads\/2025\/07\/Aktie_Steinkohlenbau-Verein_Rochlitz_1855-300x238.jpg 300w\" sizes=\"auto, (max-width: 639px) 100vw, 639px\" \/><\/figure><\/div>\n\n\n<p class=\"has-text-align-center\"><em>Steinkohle Aktie Rochlitz<\/em><\/p>\n\n\n\n<p>Im M\u00e4rz 1855 hatten einige Mutige oder auch Gewinns\u00fcchtige den \u201eSteinkohlenbau-Verein zu Rochlitz\u201c gegr\u00fcndet, um die vermeintlichen Kohle-Lagerst\u00e4tten im gro\u00dfen Rahmen abzubauen. In einem Artikel des \u201eKulturspiegel des Kreises Borna\u201c vom November 1957 lesen wir dar\u00fcber:<\/p>\n\n\n\n<p>Das Ger\u00fccht, in der Gegend von Rochlitz g\u00e4be es umfangreiche Vorkommen an Steinkohle in geringer Tiefe, existierte schon lange. Die Anregung dazu gab ein Einwohner des Dorfes Mutzscheroda; die Angelegenheit geriet einige Jahre in Vergessenheit und kam dann erneut ins Gespr\u00e4ch, als vermutlich ein geologisches Gutachten auf ein abbauw\u00fcrdiges Lager hoffen lie\u00df. Diesmal fanden sich gesch\u00e4ftst\u00fcchtige Leute, die im M\u00e4rz 1855 den \u201eSteinkohlenbau-Verein zu Rochlitz\u201c gr\u00fcndeten. Es wurde dazu ein Interimsschein mit Kupons zu je einem Thaler gedruckt, nach der Einzahlung \u00fcber insgesamt 20 Monate sollte dann eine Aktie mit Dividendenkupons geliefert werden. Die Beteiligung sah allerdings keinerlei Mitspracherecht vor. Es fanden sich \u00fcber 2000 Aktion\u00e4re \u2013 gutgl\u00e4ubige Arbeiter, die ihr schwer erarbeitetes Geld investierten, und auch einige Spekulanten. Die Anteilseigner verlangten jedoch bald Rechenschaft, woraufhin die Gesellschaft schnell einen Versuchsschacht graben lie\u00df, in dem man etwas Kohle entdeckte. Allerdings ging schnell das Ger\u00fccht um, dass hier zur Bes\u00e4nftigung manipuliert wurde. In der Folge blieben die Zahlungen der entt\u00e4uschten Aktion\u00e4re aus und die Gesellschaft war gescheitert \u2013 der Vorsitzende verlie\u00df die Stadt: Er war weder Fachmann (Bergbau) noch Einheimischer. Zur\u00fcck blieben viele einfach Leute, die um ihr Geld betrogen wurden.<\/p>\n","protected":false},"excerpt":{"rendered":"<p>Das Vorhandensein von Steinkohle in unserem Gebiet, wenn es auch nie von Bedeutung war, ist schon seit langer Zeit nachgewiesen. Der erste Bericht, in dem dies Erw\u00e4hnung findet, datiert 1798. Im Einzelnen sind im Bergarchiv Freiberg, Bestand 40181, in folgenden Archivaliensignaturen Ausf\u00fchrungen dazu gemacht: Steinkohle Aktie Rochlitz Im M\u00e4rz 1855 hatten einige Mutige oder auch [&hellip;]<\/p>\n","protected":false},"author":1,"featured_media":0,"parent":928,"menu_order":0,"comment_status":"closed","ping_status":"closed","template":"","meta":{"footnotes":""},"class_list":["post-75","page","type-page","status-publish","hentry"],"_links":{"self":[{"href":"https:\/\/bergbau-seelitz.de\/index.php?rest_route=\/wp\/v2\/pages\/75","targetHints":{"allow":["GET"]}}],"collection":[{"href":"https:\/\/bergbau-seelitz.de\/index.php?rest_route=\/wp\/v2\/pages"}],"about":[{"href":"https:\/\/bergbau-seelitz.de\/index.php?rest_route=\/wp\/v2\/types\/page"}],"author":[{"embeddable":true,"href":"https:\/\/bergbau-seelitz.de\/index.php?rest_route=\/wp\/v2\/users\/1"}],"replies":[{"embeddable":true,"href":"https:\/\/bergbau-seelitz.de\/index.php?rest_route=%2Fwp%2Fv2%2Fcomments&post=75"}],"version-history":[{"count":10,"href":"https:\/\/bergbau-seelitz.de\/index.php?rest_route=\/wp\/v2\/pages\/75\/revisions"}],"predecessor-version":[{"id":1588,"href":"https:\/\/bergbau-seelitz.de\/index.php?rest_route=\/wp\/v2\/pages\/75\/revisions\/1588"}],"up":[{"embeddable":true,"href":"https:\/\/bergbau-seelitz.de\/index.php?rest_route=\/wp\/v2\/pages\/928"}],"wp:attachment":[{"href":"https:\/\/bergbau-seelitz.de\/index.php?rest_route=%2Fwp%2Fv2%2Fmedia&parent=75"}],"curies":[{"name":"wp","href":"https:\/\/api.w.org\/{rel}","templated":true}]}}